{"id":631,"date":"2020-07-20T19:37:01","date_gmt":"2020-07-20T17:37:01","guid":{"rendered":"https:\/\/ole-heydt.de\/shop\/?post_type=product&#038;p=631"},"modified":"2021-12-05T11:26:26","modified_gmt":"2021-12-05T10:26:26","slug":"handgefertigter-flaschenoeffner-aus-nussbaum-3","status":"publish","type":"product","link":"https:\/\/ole-heydt.de\/shop\/produkte\/kueche-haushalt\/handgefertigter-flaschenoeffner-aus-nussbaum-3\/","title":{"rendered":"Handgefertigter Flaschen\u00f6ffner aus Nussbaum"},"content":{"rendered":"<ul>\n<li>Kapselheber aus Holz mit hochglanz verchromter Angel<\/li>\n<li>Handgefertigtes, gedrechseltes Unikat<\/li>\n<li>Holzart: europ. Nussbaum<\/li>\n<li>Ma\u00dfe: L\u00e4nge gesamt ca. 12,5 cm, L\u00e4nge Griff: ca. 7,5 cm, Griff \u00d8: ca. 2,5 cm<\/li>\n<li>Holzoberfl\u00e4che lebensmittelecht behandelt<\/li>\n<li>Dieses Produkt kann von uns gegen Aufpreis z.B. mit Namen, Firmennamen, (Firmen-)Logo oder einem Zitat versehen werden*.<br \/>\nKontaktiere uns gerne f\u00fcr eine pers\u00f6nliche Beratung.<\/li>\n<\/ul>\n<p>*Individualisierte Produkte nach Kundenw\u00fcnschen werden von uns nicht zur\u00fcckgenommen und sind vom Umtausch ausgeschlossen.<\/p>\n","protected":false},"excerpt":{"rendered":"<p>Handgefertigter Kapselheber aus Nussbaum. Produkt nach Kundenw\u00fcnschen individualisierbar.<br \/>\n<a href=\"#tab-description\">weitere Produktinfos ansehen \u2193<\/a><\/p>\n","protected":false},"featured_media":632,"comment_status":"open","ping_status":"closed","template":"","meta":[],"product_cat":[72],"product_tag":[94,97,83,91,86,90,89,96,95,92,88,84,93,102,87],"_links":{"self":[{"href":"https:\/\/ole-heydt.de\/shop\/wp-json\/wp\/v2\/product\/631"}],"collection":[{"href":"https:\/\/ole-heydt.de\/shop\/wp-json\/wp\/v2\/product"}],"about":[{"href":"https:\/\/ole-heydt.de\/shop\/wp-json\/wp\/v2\/types\/product"}],"replies":[{"embeddable":true,"href":"https:\/\/ole-heydt.de\/shop\/wp-json\/wp\/v2\/comments?post=631"}],"wp:featuredmedia":[{"embeddable":true,"href":"https:\/\/ole-heydt.de\/shop\/wp-json\/wp\/v2\/media\/632"}],"wp:attachment":[{"href":"https:\/\/ole-heydt.de\/shop\/wp-json\/wp\/v2\/media?parent=631"}],"wp:term":[{"taxonomy":"product_cat","embeddable":true,"href":"https:\/\/ole-heydt.de\/shop\/wp-json\/wp\/v2\/product_cat?post=631"},{"taxonomy":"product_tag","embeddable":true,"href":"https:\/\/ole-heydt.de\/shop\/wp-json\/wp\/v2\/product_tag?post=631"}],"curies":[{"name":"wp","href":"https:\/\/api.w.org\/{rel}","templated":true}]}}