{"id":575,"date":"2020-07-20T13:31:43","date_gmt":"2020-07-20T11:31:43","guid":{"rendered":"https:\/\/ole-heydt.de\/shop\/?post_type=product&#038;p=575"},"modified":"2021-12-05T11:33:10","modified_gmt":"2021-12-05T10:33:10","slug":"handgefertigter-flaschenoeffner-aus-holz","status":"publish","type":"product","link":"https:\/\/ole-heydt.de\/shop\/produkte\/kueche-haushalt\/handgefertigter-flaschenoeffner-aus-holz\/","title":{"rendered":"Handgefertigter Flaschen\u00f6ffner aus Holz"},"content":{"rendered":"<p>\u2022 Kapselheber aus Holz mit hochglanz polierter Angel<\/p>\n<p>\u2022 Handgefertigtes, gedrechseltes Unikat<\/p>\n<p>\u2022 Holzart: unbekannt<\/p>\n<p>\u2022 Ma\u00dfe: L\u00e4nge gesamt ca. 14,0 cm, L\u00e4nge Griff: ca. 9,0 cm, Griff \u00d8: ca. 3,5 cm<\/p>\n<p>\u2022 Holzoberfl\u00e4che lebensmittelecht behandelt<\/p>\n<p>\u2022 Dieses Produkt kann von uns gegen Aufpreis z.B. mit Namen, Firmennamen, (Firmen-)Logo oder einem Zitat versehen werden*.<br \/>\nKontaktiere uns gerne f\u00fcr eine pers\u00f6nliche Beratung.<\/p>\n<p>*Individualisierte Produkte nach Kundenw\u00fcnschen werden von uns nicht zur\u00fcckgenommen und sind vom Umtausch ausgeschlossen.<\/p>\n","protected":false},"excerpt":{"rendered":"<p>Handgefertigter Kapselheber aus Holz. Produkt nach Kundenw\u00fcnschen individualisierbar.<br \/>\n<a href=\"#tab-description\">weitere Produktinfos ansehen \u2193<\/a><\/p>\n","protected":false},"featured_media":576,"comment_status":"open","ping_status":"closed","template":"","meta":[],"product_cat":[72],"product_tag":[94,97,83,91,86,90,89,96,95,92,88,84,93,87],"_links":{"self":[{"href":"https:\/\/ole-heydt.de\/shop\/wp-json\/wp\/v2\/product\/575"}],"collection":[{"href":"https:\/\/ole-heydt.de\/shop\/wp-json\/wp\/v2\/product"}],"about":[{"href":"https:\/\/ole-heydt.de\/shop\/wp-json\/wp\/v2\/types\/product"}],"replies":[{"embeddable":true,"href":"https:\/\/ole-heydt.de\/shop\/wp-json\/wp\/v2\/comments?post=575"}],"wp:featuredmedia":[{"embeddable":true,"href":"https:\/\/ole-heydt.de\/shop\/wp-json\/wp\/v2\/media\/576"}],"wp:attachment":[{"href":"https:\/\/ole-heydt.de\/shop\/wp-json\/wp\/v2\/media?parent=575"}],"wp:term":[{"taxonomy":"product_cat","embeddable":true,"href":"https:\/\/ole-heydt.de\/shop\/wp-json\/wp\/v2\/product_cat?post=575"},{"taxonomy":"product_tag","embeddable":true,"href":"https:\/\/ole-heydt.de\/shop\/wp-json\/wp\/v2\/product_tag?post=575"}],"curies":[{"name":"wp","href":"https:\/\/api.w.org\/{rel}","templated":true}]}}