{"id":574,"date":"2020-07-20T13:20:41","date_gmt":"2020-07-20T11:20:41","guid":{"rendered":"https:\/\/ole-heydt.de\/shop\/?post_type=product&#038;p=574"},"modified":"2021-12-05T11:29:48","modified_gmt":"2021-12-05T10:29:48","slug":"handgefertigter-flaschenoeffner-aus-kiefer-2","status":"publish","type":"product","link":"https:\/\/ole-heydt.de\/shop\/produkte\/kueche-haushalt\/handgefertigter-flaschenoeffner-aus-kiefer-2\/","title":{"rendered":"Handgefertigter Flaschen\u00f6ffner aus Kiefer"},"content":{"rendered":"<ul>\n<li>Kapselheber aus Kiefer mit matt verchromter Angel<\/li>\n<li>Handgefertigtes, gedrechseltes Unikat<\/li>\n<li>Holzart: Kiefer<\/li>\n<li>Ma\u00dfe: L\u00e4nge gesamt ca. 14,0 cm, L\u00e4nge Griff: ca. 9,0 cm, Griff \u00d8: ca. 2,5 cm<\/li>\n<li>Holzoberfl\u00e4che lebensmittelecht behandelt<\/li>\n<li>Dieses Produkt kann von uns gegen Aufpreis z.B. mit Namen, Firmennamen, (Firmen-)Logo oder einem Zitat versehen werden*.<br \/>\nKontaktiere uns gerne f\u00fcr eine pers\u00f6nliche Beratung.<\/li>\n<\/ul>\n<p>*Individualisierte Produkte nach Kundenw\u00fcnschen werden von uns nicht zur\u00fcckgenommen und sind vom Umtausch ausgeschlossen.<\/p>\n","protected":false},"excerpt":{"rendered":"<p>Handgefertigter Kapselheber aus Kiefer. Produkt nach Kundenw\u00fcnschen individualisierbar.<br \/>\n<a href=\"#tab-description\">weitere Produktinfos ansehen \u2193<\/a><\/p>\n","protected":false},"featured_media":571,"comment_status":"open","ping_status":"closed","template":"","meta":[],"product_cat":[72],"product_tag":[94,97,83,91,86,90,89,96,95,92,88,84,85,93,87],"_links":{"self":[{"href":"https:\/\/ole-heydt.de\/shop\/wp-json\/wp\/v2\/product\/574"}],"collection":[{"href":"https:\/\/ole-heydt.de\/shop\/wp-json\/wp\/v2\/product"}],"about":[{"href":"https:\/\/ole-heydt.de\/shop\/wp-json\/wp\/v2\/types\/product"}],"replies":[{"embeddable":true,"href":"https:\/\/ole-heydt.de\/shop\/wp-json\/wp\/v2\/comments?post=574"}],"wp:featuredmedia":[{"embeddable":true,"href":"https:\/\/ole-heydt.de\/shop\/wp-json\/wp\/v2\/media\/571"}],"wp:attachment":[{"href":"https:\/\/ole-heydt.de\/shop\/wp-json\/wp\/v2\/media?parent=574"}],"wp:term":[{"taxonomy":"product_cat","embeddable":true,"href":"https:\/\/ole-heydt.de\/shop\/wp-json\/wp\/v2\/product_cat?post=574"},{"taxonomy":"product_tag","embeddable":true,"href":"https:\/\/ole-heydt.de\/shop\/wp-json\/wp\/v2\/product_tag?post=574"}],"curies":[{"name":"wp","href":"https:\/\/api.w.org\/{rel}","templated":true}]}}